{"id":11,"date":"2025-11-22T10:02:29","date_gmt":"2025-11-22T10:02:29","guid":{"rendered":"https:\/\/aemicaelense.pt\/?page_id=11"},"modified":"2025-11-22T10:02:29","modified_gmt":"2025-11-22T10:02:29","slug":"a-associacao","status":"publish","type":"page","link":"https:\/\/aemicaelense.pt\/index.php\/a-associacao\/","title":{"rendered":"A Associa\u00e7\u00e3o"},"content":{"rendered":"\n<p>A Associa\u00e7\u00e3o Equestre Micaelense (AEM) \u00e9 uma institui\u00e7\u00e3o dedicada \u00e0 promo\u00e7\u00e3o, desenvolvimento e organiza\u00e7\u00e3o de atividades equestres na ilha de S\u00e3o Miguel, A\u00e7ores. A sua atua\u00e7\u00e3o abrange a dinamiza\u00e7\u00e3o de eventos, apoio \u00e0 forma\u00e7\u00e3o equestre, representa\u00e7\u00e3o institucional e colabora\u00e7\u00e3o com entidades regionais e nacionais ligadas ao desporto equestre.<\/p>\n\n\n\n<p>A Associa\u00e7\u00e3o trabalha com criadores, escolas, centros h\u00edpicos e atletas, contribuindo para o crescimento t\u00e9cnico e organizado das modalidades equestres nos A\u00e7ores.<\/p>\n\n\n\n<p>\u00c1reas de atua\u00e7\u00e3o principais:<\/p>\n\n\n\n<ul class=\"wp-block-list\">\n<li>Forma\u00e7\u00e3o e apoio \u00e0 aprendizagem de equita\u00e7\u00e3o<\/li>\n\n\n\n<li>Promo\u00e7\u00e3o de eventos desportivos e provas federadas<\/li>\n\n\n\n<li>Rela\u00e7\u00e3o com entidades oficiais e associa\u00e7\u00f5es regionais<\/li>\n\n\n\n<li>Apoio a criadores e agentes equestres<\/li>\n\n\n\n<li>Desenvolvimento cultural e desportivo ligado \u00e0 tradi\u00e7\u00e3o equestre a\u00e7oriana<\/li>\n<\/ul>\n\n\n\n<p>Miss\u00e3o: promover a pr\u00e1tica da equita\u00e7\u00e3o com rigor, qualidade e esp\u00edrito associativo, incentivando a participa\u00e7\u00e3o da comunidade e fomentando boas pr\u00e1ticas no setor equestre da regi\u00e3o.<\/p>\n\n\n\n<p><\/p>\n","protected":false},"excerpt":{"rendered":"<p>A Associa\u00e7\u00e3o Equestre Micaelense (AEM) \u00e9 uma institui\u00e7\u00e3o dedicada \u00e0 promo\u00e7\u00e3o, desenvolvimento e organiza\u00e7\u00e3o de atividades equestres na ilha de S\u00e3o Miguel, A\u00e7ores. A sua atua\u00e7\u00e3o abrange a dinamiza\u00e7\u00e3o de eventos, apoio \u00e0 forma\u00e7\u00e3o equestre, representa\u00e7\u00e3o institucional e colabora\u00e7\u00e3o com entidades regionais e nacionais ligadas ao desporto equestre. A Associa\u00e7\u00e3o trabalha com criadores, escolas, centros [&hellip;]<\/p>\n","protected":false},"author":1,"featured_media":0,"parent":0,"menu_order":0,"comment_status":"closed","ping_status":"closed","template":"","meta":{"footnotes":""},"class_list":["post-11","page","type-page","status-publish","hentry"],"_links":{"self":[{"href":"https:\/\/aemicaelense.pt\/index.php\/wp-json\/wp\/v2\/pages\/11","targetHints":{"allow":["GET"]}}],"collection":[{"href":"https:\/\/aemicaelense.pt\/index.php\/wp-json\/wp\/v2\/pages"}],"about":[{"href":"https:\/\/aemicaelense.pt\/index.php\/wp-json\/wp\/v2\/types\/page"}],"author":[{"embeddable":true,"href":"https:\/\/aemicaelense.pt\/index.php\/wp-json\/wp\/v2\/users\/1"}],"replies":[{"embeddable":true,"href":"https:\/\/aemicaelense.pt\/index.php\/wp-json\/wp\/v2\/comments?post=11"}],"version-history":[{"count":1,"href":"https:\/\/aemicaelense.pt\/index.php\/wp-json\/wp\/v2\/pages\/11\/revisions"}],"predecessor-version":[{"id":12,"href":"https:\/\/aemicaelense.pt\/index.php\/wp-json\/wp\/v2\/pages\/11\/revisions\/12"}],"wp:attachment":[{"href":"https:\/\/aemicaelense.pt\/index.php\/wp-json\/wp\/v2\/media?parent=11"}],"curies":[{"name":"wp","href":"https:\/\/api.w.org\/{rel}","templated":true}]}}