{"id":29,"date":"2025-11-22T10:11:48","date_gmt":"2025-11-22T10:11:48","guid":{"rendered":"https:\/\/aemicaelense.pt\/?page_id=29"},"modified":"2025-11-22T17:18:59","modified_gmt":"2025-11-22T17:18:59","slug":"orgaos-sociais","status":"publish","type":"page","link":"https:\/\/aemicaelense.pt\/index.php\/orgaos-sociais\/","title":{"rendered":"Org\u00e3os Sociais"},"content":{"rendered":"\n<h1 class=\"wp-block-heading\">\u00d3rg\u00e3os Sociais<\/h1>\n\n\n\n<p>Associa\u00e7\u00e3o Equestre Micaelense<\/p>\n\n\n\n<hr class=\"wp-block-separator has-alpha-channel-opacity\"\/>\n\n\n\n<h2 class=\"wp-block-heading\">Assembleia Geral<\/h2>\n\n\n\n<p><strong>Presidente<\/strong><br>Francisco da C\u00e2mara Rego Costa<\/p>\n\n\n\n<p><strong>Vogais<\/strong><\/p>\n\n\n\n<ul class=\"wp-block-list\">\n<li>Jo\u00e3o Gomes de Menezes do Canto Tavares<\/li>\n\n\n\n<li>Miguel Balac\u00f3 Amaral<\/li>\n<\/ul>\n\n\n\n<hr class=\"wp-block-separator has-alpha-channel-opacity\"\/>\n\n\n\n<h2 class=\"wp-block-heading\">Conselho Fiscal<\/h2>\n\n\n\n<p><strong>Presidente<\/strong><br>Rui Miguel Taveira Borges Gouveia<\/p>\n\n\n\n<p><strong>Vogais<\/strong><\/p>\n\n\n\n<ul class=\"wp-block-list\">\n<li>Jos\u00e9 Ant\u00f3nio Soares Baptista<\/li>\n\n\n\n<li>Ant\u00f3nio Vaz Arruda Agnelo Borges<\/li>\n<\/ul>\n\n\n\n<hr class=\"wp-block-separator has-alpha-channel-opacity\"\/>\n\n\n\n<h2 class=\"wp-block-heading\">Dire\u00e7\u00e3o<\/h2>\n\n\n\n<p><strong>Presidente<\/strong><br>Margarida Gomes de Menezes do Canto Tavares<\/p>\n\n\n\n<p><strong>Vice-Presidente<\/strong><br>Rui Miguel Silveira Pinheiro Botelho<\/p>\n\n\n\n<p><strong>Tesoureiro<\/strong><br>Jorge Manuel Roque Filipe<\/p>\n\n\n\n<p><strong>Vogais<\/strong><\/p>\n\n\n\n<ul class=\"wp-block-list\">\n<li>Jo\u00e3o Pedro Botelho Janeiro<\/li>\n\n\n\n<li>In\u00eas Vaz Guedes de S\u00e1 da Bandeira<\/li>\n<\/ul>\n\n\n\n<p><strong>Suplentes<\/strong><\/p>\n\n\n\n<ul class=\"wp-block-list\">\n<li>Carla Patr\u00edcia Borges Saudade<\/li>\n\n\n\n<li>Maria Johanna P. Elisabeth Obels<\/li>\n<\/ul>\n\n\n\n<hr class=\"wp-block-separator has-alpha-channel-opacity\"\/>\n\n\n\n<p><em>Informa\u00e7\u00e3o transcrita da ata de tomada de posse (Santana, 6 de Abril de 2023).<\/em><\/p>\n\n\n\n<p><\/p>\n","protected":false},"excerpt":{"rendered":"<p>\u00d3rg\u00e3os Sociais Associa\u00e7\u00e3o Equestre Micaelense Assembleia Geral PresidenteFrancisco da C\u00e2mara Rego Costa Vogais Conselho Fiscal PresidenteRui Miguel Taveira Borges Gouveia Vogais Dire\u00e7\u00e3o PresidenteMargarida Gomes de Menezes do Canto Tavares Vice-PresidenteRui Miguel Silveira Pinheiro Botelho TesoureiroJorge Manuel Roque Filipe Vogais Suplentes Informa\u00e7\u00e3o transcrita da ata de tomada de posse (Santana, 6 de Abril de 2023).<\/p>\n","protected":false},"author":1,"featured_media":0,"parent":0,"menu_order":0,"comment_status":"closed","ping_status":"closed","template":"","meta":{"footnotes":""},"class_list":["post-29","page","type-page","status-publish","hentry"],"_links":{"self":[{"href":"https:\/\/aemicaelense.pt\/index.php\/wp-json\/wp\/v2\/pages\/29","targetHints":{"allow":["GET"]}}],"collection":[{"href":"https:\/\/aemicaelense.pt\/index.php\/wp-json\/wp\/v2\/pages"}],"about":[{"href":"https:\/\/aemicaelense.pt\/index.php\/wp-json\/wp\/v2\/types\/page"}],"author":[{"embeddable":true,"href":"https:\/\/aemicaelense.pt\/index.php\/wp-json\/wp\/v2\/users\/1"}],"replies":[{"embeddable":true,"href":"https:\/\/aemicaelense.pt\/index.php\/wp-json\/wp\/v2\/comments?post=29"}],"version-history":[{"count":4,"href":"https:\/\/aemicaelense.pt\/index.php\/wp-json\/wp\/v2\/pages\/29\/revisions"}],"predecessor-version":[{"id":122,"href":"https:\/\/aemicaelense.pt\/index.php\/wp-json\/wp\/v2\/pages\/29\/revisions\/122"}],"wp:attachment":[{"href":"https:\/\/aemicaelense.pt\/index.php\/wp-json\/wp\/v2\/media?parent=29"}],"curies":[{"name":"wp","href":"https:\/\/api.w.org\/{rel}","templated":true}]}}