{"id":55,"date":"2025-11-22T10:14:09","date_gmt":"2025-11-22T10:14:09","guid":{"rendered":"https:\/\/aemicaelense.pt\/?page_id=55"},"modified":"2025-11-22T17:11:31","modified_gmt":"2025-11-22T17:11:31","slug":"regulamento","status":"publish","type":"page","link":"https:\/\/aemicaelense.pt\/index.php\/regulamento\/","title":{"rendered":"Regulamento Escola"},"content":{"rendered":"\n<h1 class=\"wp-block-heading\">REGULAMENTO DA ESCOLA DE EQUITA\u00c7\u00c3O DA ASSOCIA\u00c7\u00c3O EQUESTRE MICAELENSE<\/h1>\n\n\n\n<p>O presente regulamento tem como objetivo definir e disciplinar as atividades escolares praticadas na Associa\u00e7\u00e3o Equestre Micaelense, servindo como refer\u00eancia para as rela\u00e7\u00f5es entre a Dire\u00e7\u00e3o da Associa\u00e7\u00e3o, os Professores, os Alunos e os Encarregados de Educa\u00e7\u00e3o, quando for esse o caso.<\/p>\n\n\n\n<p>Os alunos matriculados, por si pr\u00f3prios ou pelos seus encarregados de educa\u00e7\u00e3o, na escola de equita\u00e7\u00e3o da Associa\u00e7\u00e3o Equestre Micaelense, concordam, sujeitam-se e cumprem os termos deste Regulamento.<\/p>\n\n\n\n<p>O objetivo da Escola de Equita\u00e7\u00e3o da AEM \u00e9 promover a pr\u00e1tica da equita\u00e7\u00e3o, procurando desenvolver uma liga\u00e7\u00e3o entre os praticantes e os cavalos. Os ensinamentos da equita\u00e7\u00e3o baseiam-se na premissa de que montar a cavalo \u00e9 uma atividade de lazer, que pode ser praticada por crian\u00e7as e adultos de qualquer idade para fins desportivos, de lazer ou at\u00e9 terap\u00eauticos.<\/p>\n\n\n\n<p>Todo este processo \u00e9 baseado no programa de \u201cSELAS\u201d. A evolu\u00e7\u00e3o dos Praticantes obedece a uma l\u00f3gica progressiva, normalmente ligada ao escal\u00e3o et\u00e1rio. Nos praticantes de equita\u00e7\u00e3o n\u00e3o se consegue, ao contr\u00e1rio da generalidade das modalidades, estabelecer uma correla\u00e7\u00e3o entre o desenvolvimento desportivo e o escal\u00e3o et\u00e1rio do atleta. No entanto, foram estabelecidas idades m\u00ednimas para aceder a determinadas selas. A implementa\u00e7\u00e3o do \u00abPrograma das Selas\u00bb garante a qualidade da forma\u00e7\u00e3o dos praticantes dentro da Rede Nacional dos Centros Federados (RNCF).<\/p>\n\n\n\n<p>Na escola da AEM, antes de passar \u00e0 sela, todos os alunos passam pelas aulas de volteio. O objetivo do volteio \u00e9 ajudar os praticantes iniciantes a sentir os diferentes movimentos do cavalo e encontrar o seu equil\u00edbrio atrav\u00e9s de exerc\u00edcios de gin\u00e1stica que s\u00e3o feitos \u00e0 guia com a ajuda de um ar\u00e7\u00e3o de volteio. Exerc\u00edcios como rodar os bra\u00e7os, tocar nos pr\u00f3prios p\u00e9s, deitar-se para tr\u00e1s ou at\u00e9 \u201cvolta ao mundo\u201d ou \u201cvolta de 360\u00ba\u201d, \u201ctesouras\u201d, \u201cpalmas\u201d, andar de p\u00e9 sobre o cavalo, fazer um \u201cavi\u00e3o\u201d, nos tr\u00eas andamentos, s\u00e3o exerc\u00edcios que ajudam a melhorar o equil\u00edbrio e d\u00e3o desenvoltura a cavalo.<\/p>\n\n\n\n<h2 class=\"wp-block-heading\">REGRAS DE FUNCIONAMENTO DA ESCOLA DA AEM<\/h2>\n\n\n\n<ul class=\"wp-block-list\">\n<li>A AEM disp\u00f5e de cavalos e material de treino e limpeza para as aulas, no entanto, os alunos n\u00e3o s\u00e3o obrigados a utilizar nem o material nem os cavalos da AEM para as aulas.<\/li>\n\n\n\n<li>Para as primeiras aulas, a AEM disp\u00f5e de TOQUES (capacetes), que fornece para prote\u00e7\u00e3o da cabe\u00e7a dos alunos iniciantes, mas aconselha-se a todos os praticantes que adquiram o seu pr\u00f3prio TOQUE.<\/li>\n\n\n\n<li>O uso de TOQUE \u00e9 obrigat\u00f3rio.<\/li>\n\n\n\n<li>Passada a fase de inicia\u00e7\u00e3o (volteio), \u00e9 exigida a utiliza\u00e7\u00e3o de vestu\u00e1rio e equipamento adequado \u00e0 pr\u00e1tica da equita\u00e7\u00e3o como: cal\u00e7as de montar, botas\/botins e plainas, e t-shirt de manga curta. N\u00e3o \u00e9 permitida a utiliza\u00e7\u00e3o de t-shirts sem mangas.<\/li>\n\n\n\n<li>As matr\u00edculas podem ser feitas ao longo de todo o ano.<\/li>\n\n\n\n<li>Os alunos podem ser s\u00f3cios da AEM ou n\u00e3o, contudo o pre\u00e7\u00e1rio prev\u00ea uma diferen\u00e7a de pre\u00e7o para s\u00f3cios e n\u00e3o s\u00f3cios.<\/li>\n\n\n\n<li>As mensalidades devem ser pagas por transfer\u00eancia banc\u00e1ria ou em dinheiro na secretaria da AEM aquando da rece\u00e7\u00e3o da fatura (via email).<\/li>\n\n\n\n<li>Todos os alunos devem pagar o seguro FEP anualmente, atrav\u00e9s da AEM (n\u00e3o reembols\u00e1vel).<\/li>\n\n\n\n<li>Sempre que a AEM, por qualquer raz\u00e3o, n\u00e3o possa prestar o servi\u00e7o, a fatura\u00e7\u00e3o ser\u00e1 ajustada.<\/li>\n\n\n\n<li>N\u00e3o se rep\u00f5em aulas.<\/li>\n\n\n\n<li>Faltas superiores a 4 semanas sem aviso resultam em perda da vaga.<\/li>\n\n\n\n<li>S\u00f3 faltas justificadas com atestado m\u00e9dico ajustam fatura\u00e7\u00e3o.<\/li>\n\n\n\n<li>Alunos com cavalo pr\u00f3prio t\u00eam 30% de desconto nas mensalidades.<\/li>\n\n\n\n<li>Alunos com 2 mensalidades em atraso ficam impedidos de montar at\u00e9 regularizar.<\/li>\n\n\n\n<li>Reclama\u00e7\u00f5es e pedidos devem ser feitos por email ou presencialmente \u00e0 dire\u00e7\u00e3o.<\/li>\n<\/ul>\n\n\n\n<hr class=\"wp-block-separator has-alpha-channel-opacity\"\/>\n\n\n\n<h2 class=\"wp-block-heading\">SELA 1<\/h2>\n\n\n\n<h3 class=\"wp-block-heading\">Equita\u00e7\u00e3o<\/h3>\n\n\n\n<p><strong>A passo<\/strong><\/p>\n\n\n\n<ul class=\"wp-block-list\">\n<li>Procurar o equil\u00edbrio sentado<\/li>\n\n\n\n<li>Parar<\/li>\n\n\n\n<li>Sair a passo<\/li>\n\n\n\n<li>Manter o passo<\/li>\n\n\n\n<li>Conduzir sobre c\u00edrculos<\/li>\n<\/ul>\n\n\n\n<p><strong>A trote<\/strong><\/p>\n\n\n\n<ul class=\"wp-block-list\">\n<li>Descobrir o seu equil\u00edbrio<\/li>\n\n\n\n<li>Sair a trote<\/li>\n\n\n\n<li>Manter o trote<\/li>\n\n\n\n<li>Transitar ao trote<\/li>\n<\/ul>\n\n\n\n<p><strong>A galope<\/strong><\/p>\n\n\n\n<ul class=\"wp-block-list\">\n<li>Descobrir o seu equil\u00edbrio a galope<\/li>\n<\/ul>\n\n\n\n<hr class=\"wp-block-separator has-alpha-channel-opacity\"\/>\n\n\n\n<h2 class=\"wp-block-heading\">SELA 2<\/h2>\n\n\n\n<h3 class=\"wp-block-heading\">Equita\u00e7\u00e3o<\/h3>\n\n\n\n<p><strong>A passo<\/strong><\/p>\n\n\n\n<ul class=\"wp-block-list\">\n<li>Parar<\/li>\n\n\n\n<li>Partir a trote<\/li>\n\n\n\n<li>Manter o passo<\/li>\n\n\n\n<li>Estabelecer o contato (r\u00e9dea larga e r\u00e9dea curta)<\/li>\n\n\n\n<li>Descontrair o cavalo<\/li>\n\n\n\n<li>Manter linha reta e nos c\u00edrculos<\/li>\n<\/ul>\n\n\n\n<p><strong>A trote<\/strong><\/p>\n\n\n\n<ul class=\"wp-block-list\">\n<li>Transitar a trote sentado<\/li>\n\n\n\n<li>Sair a trote sentado e a trote levantado<\/li>\n\n\n\n<li>Manter equil\u00edbrio<\/li>\n\n\n\n<li>Transi\u00e7\u00f5es trote-passo-trote<\/li>\n<\/ul>\n\n\n\n<p><strong>A galope<\/strong><\/p>\n\n\n\n<ul class=\"wp-block-list\">\n<li>Iniciar nos dois p\u00e9s<\/li>\n\n\n\n<li>Manter equil\u00edbrio<\/li>\n\n\n\n<li>Manter linha reta<\/li>\n<\/ul>\n\n\n\n<hr class=\"wp-block-separator has-alpha-channel-opacity\"\/>\n\n\n\n<h2 class=\"wp-block-heading\">SELA 3<\/h2>\n\n\n\n<p><strong>A passo<\/strong><\/p>\n\n\n\n<ul class=\"wp-block-list\">\n<li>Transi\u00e7\u00e3o passo-paragem-passo<\/li>\n\n\n\n<li>Contato est\u00e1vel<\/li>\n<\/ul>\n\n\n\n<p><strong>A trote<\/strong><\/p>\n\n\n\n<ul class=\"wp-block-list\">\n<li>Trote sentado e levantado<\/li>\n\n\n\n<li>Transi\u00e7\u00e3o trote-paragem-trote<\/li>\n\n\n\n<li>Manter equil\u00edbrio em curvas<\/li>\n<\/ul>\n\n\n\n<p><strong>A galope<\/strong><\/p>\n\n\n\n<ul class=\"wp-block-list\">\n<li>Transi\u00e7\u00f5es passo-galope-trote<\/li>\n\n\n\n<li>Manter galope com retas e curvas<\/li>\n<\/ul>\n\n\n\n<hr class=\"wp-block-separator has-alpha-channel-opacity\"\/>\n\n\n\n<h2 class=\"wp-block-heading\">SELA 4<\/h2>\n\n\n\n<p>Conte\u00fado segue a mesma estrutura, com mais requisitos t\u00e9cnicos.<\/p>\n\n\n\n<hr class=\"wp-block-separator has-alpha-channel-opacity\"\/>\n\n\n\n<h2 class=\"wp-block-heading\">NOTAS<\/h2>\n\n\n\n<p><em>Regras com (<\/em>) n\u00e3o s\u00e3o aplic\u00e1veis aos Praticantes de Ensino (PE).*<\/p>\n","protected":false},"excerpt":{"rendered":"<p>REGULAMENTO DA ESCOLA DE EQUITA\u00c7\u00c3O DA ASSOCIA\u00c7\u00c3O EQUESTRE MICAELENSE O presente regulamento tem como objetivo definir e disciplinar as atividades escolares praticadas na Associa\u00e7\u00e3o Equestre Micaelense, servindo como refer\u00eancia para as rela\u00e7\u00f5es entre a Dire\u00e7\u00e3o da Associa\u00e7\u00e3o, os Professores, os Alunos e os Encarregados de Educa\u00e7\u00e3o, quando for esse o caso. Os alunos matriculados, por [&hellip;]<\/p>\n","protected":false},"author":1,"featured_media":0,"parent":0,"menu_order":0,"comment_status":"closed","ping_status":"closed","template":"","meta":{"footnotes":""},"class_list":["post-55","page","type-page","status-publish","hentry"],"_links":{"self":[{"href":"https:\/\/aemicaelense.pt\/index.php\/wp-json\/wp\/v2\/pages\/55","targetHints":{"allow":["GET"]}}],"collection":[{"href":"https:\/\/aemicaelense.pt\/index.php\/wp-json\/wp\/v2\/pages"}],"about":[{"href":"https:\/\/aemicaelense.pt\/index.php\/wp-json\/wp\/v2\/types\/page"}],"author":[{"embeddable":true,"href":"https:\/\/aemicaelense.pt\/index.php\/wp-json\/wp\/v2\/users\/1"}],"replies":[{"embeddable":true,"href":"https:\/\/aemicaelense.pt\/index.php\/wp-json\/wp\/v2\/comments?post=55"}],"version-history":[{"count":3,"href":"https:\/\/aemicaelense.pt\/index.php\/wp-json\/wp\/v2\/pages\/55\/revisions"}],"predecessor-version":[{"id":116,"href":"https:\/\/aemicaelense.pt\/index.php\/wp-json\/wp\/v2\/pages\/55\/revisions\/116"}],"wp:attachment":[{"href":"https:\/\/aemicaelense.pt\/index.php\/wp-json\/wp\/v2\/media?parent=55"}],"curies":[{"name":"wp","href":"https:\/\/api.w.org\/{rel}","templated":true}]}}