{"id":57,"date":"2025-11-22T10:16:13","date_gmt":"2025-11-22T10:16:13","guid":{"rendered":"https:\/\/aemicaelense.pt\/?page_id=57"},"modified":"2025-11-22T10:16:13","modified_gmt":"2025-11-22T10:16:13","slug":"contactos","status":"publish","type":"page","link":"https:\/\/aemicaelense.pt\/index.php\/contactos\/","title":{"rendered":"Contactos"},"content":{"rendered":"\n<h2 class=\"wp-block-heading\">Associa\u00e7\u00e3o Equestre Micaelense<\/h2>\n\n\n\n<p><strong>Sede:<\/strong><br>Recinto da Feira &#8211; Campo de Santana<br>9600-159 Rabo de Peixe &#8211; Ribeira Grande<\/p>\n\n\n\n<p><strong>Correspond\u00eancia:<\/strong><br>Apartado 115<br>9501-902 Ponta Delgada<\/p>\n\n\n\n<p><strong>Tel.\/Fax:<\/strong><br>296 492 177 <em>(S\u00e1bados das 09:00 \u00e0s 13:00)<\/em><\/p>\n\n\n\n<p><strong>Tlm.:<\/strong><br>916 594 513 <em>(Segunda a Sexta das 09:00 \u00e0s 18:00)<\/em><\/p>\n\n\n\n<p><strong>E-mail:<\/strong><br>geral[at]aemicaelense.pt<\/p>\n","protected":false},"excerpt":{"rendered":"<p>Associa\u00e7\u00e3o Equestre Micaelense Sede:Recinto da Feira &#8211; Campo de Santana9600-159 Rabo de Peixe &#8211; Ribeira Grande Correspond\u00eancia:Apartado 1159501-902 Ponta Delgada Tel.\/Fax:296 492 177 (S\u00e1bados das 09:00 \u00e0s 13:00) Tlm.:916 594 513 (Segunda a Sexta das 09:00 \u00e0s 18:00) E-mail:geral[at]aemicaelense.pt<\/p>\n","protected":false},"author":1,"featured_media":0,"parent":0,"menu_order":0,"comment_status":"closed","ping_status":"closed","template":"","meta":{"footnotes":""},"class_list":["post-57","page","type-page","status-publish","hentry"],"_links":{"self":[{"href":"https:\/\/aemicaelense.pt\/index.php\/wp-json\/wp\/v2\/pages\/57","targetHints":{"allow":["GET"]}}],"collection":[{"href":"https:\/\/aemicaelense.pt\/index.php\/wp-json\/wp\/v2\/pages"}],"about":[{"href":"https:\/\/aemicaelense.pt\/index.php\/wp-json\/wp\/v2\/types\/page"}],"author":[{"embeddable":true,"href":"https:\/\/aemicaelense.pt\/index.php\/wp-json\/wp\/v2\/users\/1"}],"replies":[{"embeddable":true,"href":"https:\/\/aemicaelense.pt\/index.php\/wp-json\/wp\/v2\/comments?post=57"}],"version-history":[{"count":1,"href":"https:\/\/aemicaelense.pt\/index.php\/wp-json\/wp\/v2\/pages\/57\/revisions"}],"predecessor-version":[{"id":58,"href":"https:\/\/aemicaelense.pt\/index.php\/wp-json\/wp\/v2\/pages\/57\/revisions\/58"}],"wp:attachment":[{"href":"https:\/\/aemicaelense.pt\/index.php\/wp-json\/wp\/v2\/media?parent=57"}],"curies":[{"name":"wp","href":"https:\/\/api.w.org\/{rel}","templated":true}]}}