{"id":94,"date":"2025-11-22T10:21:04","date_gmt":"2025-11-22T10:21:04","guid":{"rendered":"https:\/\/aemicaelense.pt\/?page_id=94"},"modified":"2025-11-22T10:48:42","modified_gmt":"2025-11-22T10:48:42","slug":"escola","status":"publish","type":"page","link":"https:\/\/aemicaelense.pt\/index.php\/escola\/","title":{"rendered":"Escola"},"content":{"rendered":"\n<p>A Escola da Associa\u00e7\u00e3o Equestre Micaelense conta com v\u00e1rias \u00e1reas de atividade e informa\u00e7\u00e3o organizada:<\/p>\n\n\n\n<ul class=\"wp-block-list\">\n<li>Modalidades<\/li>\n\n\n\n<li>Equipa T\u00e9cnica<\/li>\n\n\n\n<li>Pre\u00e7\u00e1rio<\/li>\n\n\n\n<li>Hor\u00e1rio das aulas<\/li>\n\n\n\n<li>Regulamento<\/li>\n<\/ul>\n","protected":false},"excerpt":{"rendered":"<p>A Escola da Associa\u00e7\u00e3o Equestre Micaelense conta com v\u00e1rias \u00e1reas de atividade e informa\u00e7\u00e3o organizada:<\/p>\n","protected":false},"author":1,"featured_media":0,"parent":0,"menu_order":0,"comment_status":"closed","ping_status":"closed","template":"","meta":{"footnotes":""},"class_list":["post-94","page","type-page","status-publish","hentry"],"_links":{"self":[{"href":"https:\/\/aemicaelense.pt\/index.php\/wp-json\/wp\/v2\/pages\/94","targetHints":{"allow":["GET"]}}],"collection":[{"href":"https:\/\/aemicaelense.pt\/index.php\/wp-json\/wp\/v2\/pages"}],"about":[{"href":"https:\/\/aemicaelense.pt\/index.php\/wp-json\/wp\/v2\/types\/page"}],"author":[{"embeddable":true,"href":"https:\/\/aemicaelense.pt\/index.php\/wp-json\/wp\/v2\/users\/1"}],"replies":[{"embeddable":true,"href":"https:\/\/aemicaelense.pt\/index.php\/wp-json\/wp\/v2\/comments?post=94"}],"version-history":[{"count":2,"href":"https:\/\/aemicaelense.pt\/index.php\/wp-json\/wp\/v2\/pages\/94\/revisions"}],"predecessor-version":[{"id":103,"href":"https:\/\/aemicaelense.pt\/index.php\/wp-json\/wp\/v2\/pages\/94\/revisions\/103"}],"wp:attachment":[{"href":"https:\/\/aemicaelense.pt\/index.php\/wp-json\/wp\/v2\/media?parent=94"}],"curies":[{"name":"wp","href":"https:\/\/api.w.org\/{rel}","templated":true}]}}